{"id":107,"date":"2021-11-03T21:11:32","date_gmt":"2021-11-03T21:11:32","guid":{"rendered":"https:\/\/www.espegaarden.dk\/?page_id=107"},"modified":"2025-04-07T00:35:36","modified_gmt":"2025-04-06T22:35:36","slug":"til-ejendomsmaeglere","status":"publish","type":"page","link":"https:\/\/www.espegaarden.dk\/index.php\/til-ejendomsmaeglere\/","title":{"rendered":"Ejendomsm\u00e6glere"},"content":{"rendered":"\n<p>Her har vi samlet de informationer de fleste ejendomsm\u00e6glere og advokater eftersp\u00f8rger:<\/p>\n\n\n\n<p>1. Hvor stort er grundejerforeningskontingent kr?<br>Svar: Grundejerkontingentet er for tiden kr. 100 per \u00e5r. Betalingen f\u00f8lger kalender\u00e5ret<\/p>\n\n\n\n<p>2. Er der udover kontingentet yderligere bidrag til grundejerforeningen f.eks. til snerydning eller lignende?<br>Svar: Nej<\/p>\n\n\n\n<p>3. Er der vedtaget beslutninger eller dr\u00f8ftet forslag, som vil medf\u00f8re ekstraordin\u00e6re bidrag eller forh\u00f8jelse af grundejerforeningskontingentet ?<br>Svar: Nej<\/p>\n\n\n\n<p>4. Er der tilslutningsafgift til antenneanl\u00e6g ?<br>Svar: Nej<\/p>\n\n\n\n<p>5. Er der vejlau\/privat vej?<br>Svar: Nej, men der er et ejerlau i foreningen.<\/p>\n\n\n\n<p>6. Er der planlagt istands\u00e6ttelser eller andet som i de kommende \u00e5r m\u00e5 forventes at medf\u00f8re ekstraordin\u00e6re udgifter?<br>Svar: Nej<\/p>\n\n\n\n<p>7 Er der er tidligere besluttet istands\u00e6ttelser eller andet, som endnu ikke er begyndt?<br>Svar: Nej<\/p>\n\n\n\n<p>8. Er der afholdt ekstraordin\u00e6r generalforsamling indenfor de sidste 10 \u00e5r?<br>Svar: Nej<\/p>\n\n\n\n<p>9. Er der medlemspligt?<br>Svar: Ja de allerfleste medlemmer har pligt til at v\u00e6re med i foreningen, vi har dog mulighed for at medtage frivillige medlemmer.<\/p>\n\n\n\n<p>11. Betales der udover kontingent til vejfond?<br>Svar: Nej<\/p>\n\n\n\n<p>12. Betales der pr. lejlighed eller pr. ejendom?<br>Der betales \u00e9t kontingent pr. matrikelnummer<\/p>\n\n\n\n<p>13. Skal der betales indskud?<br>Svar: Nej<\/p>\n\n\n\n<p>14. Afvikles der g\u00e6ld igennem grundejerforeningen?<br>Svar: Nej foreningen har en mindre formue.<\/p>\n\n\n\n<p>Relevante dokumenter kan findes under dokumenter: <a rel=\"noreferrer noopener\" href=\"https:\/\/www.espegaarden.dk\/index.php\/dokumenter\/\" data-type=\"URL\" data-id=\"https:\/\/www.espegaarden.dk\/index.php\/dokumenter\/\" target=\"_blank\">https:\/\/www.espegaarden.dk\/index.php\/dokumenter\/<\/a><\/p>\n\n\n\n<p>Kontakt os for yderligere sp\u00f8rgsm\u00e5l (p\u00e5lagt gebyr):<br><a href=\"https:\/\/www.espegaarden.dk\/index.php\/kontakt-bestyrelsen\/\" data-type=\"URL\" data-id=\"https:\/\/www.espegaarden.dk\/index.php\/kontakt-bestyrelsen\/\">https:\/\/www.espegaarden.dk\/index.php\/kontakt-bestyrelsen\/<\/a><\/p>\n","protected":false},"excerpt":{"rendered":"<p>Her har vi samlet de informationer de fleste ejendomsm\u00e6glere og advokater eftersp\u00f8rger: 1. Hvor stort er grundejerforeningskontingent kr?Svar: Grundejerkontingentet er for tiden kr. 100 per \u00e5r. Betalingen f\u00f8lger kalender\u00e5ret 2. Er der udover kontingentet yderligere bidrag til grundejerforeningen f.eks. til snerydning eller lignende?Svar: Nej 3. Er der vedtaget beslutninger eller [&hellip;]<\/p>\n","protected":false},"author":1,"featured_media":0,"parent":0,"menu_order":0,"comment_status":"closed","ping_status":"closed","template":"","meta":{"footnotes":""},"class_list":["post-107","page","type-page","status-publish","hentry"],"_links":{"self":[{"href":"https:\/\/www.espegaarden.dk\/index.php\/wp-json\/wp\/v2\/pages\/107","targetHints":{"allow":["GET"]}}],"collection":[{"href":"https:\/\/www.espegaarden.dk\/index.php\/wp-json\/wp\/v2\/pages"}],"about":[{"href":"https:\/\/www.espegaarden.dk\/index.php\/wp-json\/wp\/v2\/types\/page"}],"author":[{"embeddable":true,"href":"https:\/\/www.espegaarden.dk\/index.php\/wp-json\/wp\/v2\/users\/1"}],"replies":[{"embeddable":true,"href":"https:\/\/www.espegaarden.dk\/index.php\/wp-json\/wp\/v2\/comments?post=107"}],"version-history":[{"count":5,"href":"https:\/\/www.espegaarden.dk\/index.php\/wp-json\/wp\/v2\/pages\/107\/revisions"}],"predecessor-version":[{"id":265,"href":"https:\/\/www.espegaarden.dk\/index.php\/wp-json\/wp\/v2\/pages\/107\/revisions\/265"}],"wp:attachment":[{"href":"https:\/\/www.espegaarden.dk\/index.php\/wp-json\/wp\/v2\/media?parent=107"}],"curies":[{"name":"wp","href":"https:\/\/api.w.org\/{rel}","templated":true}]}}