{"id":21,"date":"2021-09-22T10:20:05","date_gmt":"2021-09-22T10:20:05","guid":{"rendered":"https:\/\/www.espegaarden.dk\/?page_id=21"},"modified":"2021-10-04T19:12:27","modified_gmt":"2021-10-04T19:12:27","slug":"nyheder","status":"publish","type":"page","link":"https:\/\/www.espegaarden.dk\/index.php\/nyheder\/","title":{"rendered":"Nyheder"},"content":{"rendered":"<ul class=\"wp-block-latest-posts__list has-dates wp-block-latest-posts\"><li><a class=\"wp-block-latest-posts__post-title\" href=\"https:\/\/www.espegaarden.dk\/index.php\/2026\/02\/02\/generalforsamling-4-marts-2026-kl-1700-1830\/\">Generalforsamling 4. marts 2026 kl. 17:00-18:30<\/a><time datetime=\"2026-02-02T16:01:59+01:00\" class=\"wp-block-latest-posts__post-date\">februar 2, 2026<\/time><div class=\"wp-block-latest-posts__post-excerpt\">Bestyrelsen indkalder til ordin\u00e6r generalforsamling onsdag d. 4. marts kl. 17.00 \u2013 18.30. Sted: Gladsaxe Hovedbibliotek, sal Lille. Der bydes p\u00e5 sandwich og vand. Lodtr\u00e6kning blandt de fremm\u00f8dte om 2 x 2 biografbilletter. Der mangler 1-2 bestyrelsesmedlemmer, hvis nogle medlemmer er interesseret, kande skrive til formand@espegaarden.dk og kassereren@espegaarden.dk Se relevante\u2026 <a class=\"wp-block-latest-posts__read-more\" href=\"https:\/\/www.espegaarden.dk\/index.php\/2026\/02\/02\/generalforsamling-4-marts-2026-kl-1700-1830\/\" rel=\"noopener noreferrer\">L\u00e6s mere<span class=\"screen-reader-text\">: Generalforsamling 4. marts 2026 kl. 17:00-18:30<\/span><\/a><\/div><\/li>\n<li><a class=\"wp-block-latest-posts__post-title\" href=\"https:\/\/www.espegaarden.dk\/index.php\/2025\/01\/26\/generalforsamling-5-marts-kl-18-20\/\">Generalforsamling 5. marts 2025 kl. 18-20<\/a><time datetime=\"2025-01-26T23:17:25+01:00\" class=\"wp-block-latest-posts__post-date\">januar 26, 2025<\/time><div class=\"wp-block-latest-posts__post-excerpt\">Bestyrelsen indkalder til ordin\u00e6r generalforsamling onsdag d. 5. marts kl. 18.00 \u2013 20.00. Sted: Gladsaxe Hovedbibliotek, sal Lille. Der bydes p\u00e5 sandwich og vand. Lodtr\u00e6kning blandt de fremm\u00f8dte om 2 x 2 biografbilletter. Se relevante dokumenter her: Regnskabet bliver publiceret her p\u00e5 siden s\u00e5 snart det er tilg\u00e6ngeligt.<\/div><\/li>\n<li><a class=\"wp-block-latest-posts__post-title\" href=\"https:\/\/www.espegaarden.dk\/index.php\/2024\/09\/23\/rentetilskrivningen-paa-den-indefrosne-grundskylden\/\">Rentetilskrivningen p\u00e5 den indefrosne  grundskylden \u00a0<\/a><time datetime=\"2024-09-23T13:44:37+02:00\" class=\"wp-block-latest-posts__post-date\">september 23, 2024<\/time><div class=\"wp-block-latest-posts__post-excerpt\">Sammenslutningen af Grundejerforeninger i Gladsaxe Kommune har sendt denne orientering ud til deres medlemmer:<\/div><\/li>\n<li><a class=\"wp-block-latest-posts__post-title\" href=\"https:\/\/www.espegaarden.dk\/index.php\/2024\/02\/18\/generalforsamling-6-marts-kl-17-18\/\">Generalforsamling 6. marts 2024 kl. 17-18<\/a><time datetime=\"2024-02-18T21:21:38+01:00\" class=\"wp-block-latest-posts__post-date\">februar 18, 2024<\/time><div class=\"wp-block-latest-posts__post-excerpt\">Bestyrelsen indkalder til ordin\u00e6r generalforsamling onsdag d. 6. marts kl. 17.00 \u2013 18.00. Sted: Gladsaxe Hovedbibliotek, sal Lille. Der bydes p\u00e5 sandwich og vand. Lodtr\u00e6kning blandt de fremm\u00f8dte om 2 x 2 biografbilletter. Se relevante dokumenter her: Regnskabet bliver publiceret her p\u00e5 siden s\u00e5 snart det er tilg\u00e6ngeligt.<\/div><\/li>\n<li><a class=\"wp-block-latest-posts__post-title\" href=\"https:\/\/www.espegaarden.dk\/index.php\/2023\/02\/26\/generalforsamling-19-marts-kl-13-00-15-30\/\">Generalforsamling 19. marts 2023 kl. 13<\/a><time datetime=\"2023-02-26T21:34:56+01:00\" class=\"wp-block-latest-posts__post-date\">februar 26, 2023<\/time><div class=\"wp-block-latest-posts__post-excerpt\">Bestyrelsen indkalder til generalforsamling d. 19. marts kl. 13.00 \u2013 15.30. Det finder sted p\u00e5 Gladsaxe Hovedbibliotek, sal Lille. Babara Davidsen der er energiplanl\u00e6gger i kommunen kommer og fort\u00e6ller os omfjernvarme. Der bydes p\u00e5 en sandwich, \u00f8l og vand. Se relevante dokumenter her: Der tr\u00e6kkes lod om 2 x 2\u2026 <a class=\"wp-block-latest-posts__read-more\" href=\"https:\/\/www.espegaarden.dk\/index.php\/2023\/02\/26\/generalforsamling-19-marts-kl-13-00-15-30\/\" rel=\"noopener noreferrer\">L\u00e6s mere<span class=\"screen-reader-text\">: Generalforsamling 19. marts 2023 kl. 13<\/span><\/a><\/div><\/li>\n<li><a class=\"wp-block-latest-posts__post-title\" href=\"https:\/\/www.espegaarden.dk\/index.php\/2022\/05\/11\/svar-fra-kommunen-paa-spoergsmaal-fra-grundejerforeninger\/\">Svar fra kommunen p\u00e5 sp\u00f8rgsm\u00e5l fra Grundejerforeninger<\/a><time datetime=\"2022-05-11T11:49:34+02:00\" class=\"wp-block-latest-posts__post-date\">maj 11, 2022<\/time><div class=\"wp-block-latest-posts__post-excerpt\">Besked fra kommunen&#8230; K\u00e6re bestyrelsesmedlemmer i grundejerforeninger i Gladsaxe Jeres mange sp\u00f8rgsm\u00e5l er nu besvaret og ligger p\u00e5 hjemmesiden, hvor alle kan l\u00e6se dem. Mulighed for tilmelding til m\u00f8det 17. maj foreg\u00e5r ogs\u00e5 p\u00e5 hjemmesiden. Deadline er egentlig udl\u00f8bet, men i forbindelse med udsendelse af denne mail, har vi rykket\u2026 <a class=\"wp-block-latest-posts__read-more\" href=\"https:\/\/www.espegaarden.dk\/index.php\/2022\/05\/11\/svar-fra-kommunen-paa-spoergsmaal-fra-grundejerforeninger\/\" rel=\"noopener noreferrer\">L\u00e6s mere<span class=\"screen-reader-text\">: Svar fra kommunen p\u00e5 sp\u00f8rgsm\u00e5l fra Grundejerforeninger<\/span><\/a><\/div><\/li>\n<li><a class=\"wp-block-latest-posts__post-title\" href=\"https:\/\/www.espegaarden.dk\/index.php\/2022\/03\/07\/generalforsamling-29-marts-kl-19\/\">Generalforsamling 29. marts 2022 kl. 19<\/a><time datetime=\"2022-03-07T11:19:09+01:00\" class=\"wp-block-latest-posts__post-date\">marts 7, 2022<\/time><div class=\"wp-block-latest-posts__post-excerpt\">Bestyrelsen indkalder til generalforsamling d. 29. marts kl. 19.00 &#8211; 21.00. Det finder sted p\u00e5 Gladsaxe Hovedbibliotek, sal Lille.. Der bydes p\u00e5 en sandwich, \u00f8l og vand. Se relevante dokumenter her: https:\/\/www.espegaarden.dk\/index.php\/dokumenter\/?ee=1&amp;eeFolder=Generalforsamlinger%2FGeneralforsamling-2022&amp;eeListID=1 Regnskabet er undervejes, og vil blive tilg\u00e6nglig via linket ovenfor. Der tr\u00e6kkes lod om 2 x 2 biografbilletter\u2026 <a class=\"wp-block-latest-posts__read-more\" href=\"https:\/\/www.espegaarden.dk\/index.php\/2022\/03\/07\/generalforsamling-29-marts-kl-19\/\" rel=\"noopener noreferrer\">L\u00e6s mere<span class=\"screen-reader-text\">: Generalforsamling 29. marts 2022 kl. 19<\/span><\/a><\/div><\/li>\n<li><a class=\"wp-block-latest-posts__post-title\" href=\"https:\/\/www.espegaarden.dk\/index.php\/2022\/03\/01\/mode-med-kommunen\/\">M\u00f8de med Kommunen<\/a><time datetime=\"2022-03-01T20:18:04+01:00\" class=\"wp-block-latest-posts__post-date\">marts 1, 2022<\/time><div class=\"wp-block-latest-posts__post-excerpt\">Kommunen holder sit \u00e5rlige m\u00f8de for bestyrelserne i grundejerforeningerne i maj m\u00e5ned. Grundejerforeningerne kan inden da stille skriftlige sp\u00f8rgsm\u00e5l om, hvad vi som grundejere er optaget af og har udfordringer med. Kommunen svarer p\u00e5 sp\u00f8rgsm\u00e5lene inden m\u00f8det. Hvis du\/I har nogle sp\u00f8rgsm\u00e5l, som bestyrelsen skal sende til kommunen, s\u00e5 send\u2026 <a class=\"wp-block-latest-posts__read-more\" href=\"https:\/\/www.espegaarden.dk\/index.php\/2022\/03\/01\/mode-med-kommunen\/\" rel=\"noopener noreferrer\">L\u00e6s mere<span class=\"screen-reader-text\">: M\u00f8de med Kommunen<\/span><\/a><\/div><\/li>\n<li><a class=\"wp-block-latest-posts__post-title\" href=\"https:\/\/www.espegaarden.dk\/index.php\/2021\/10\/23\/forslag-meldt-ind-til-generalforsamling-d-27-oktober\/\">Forslag meldt ind til generalforsamling d. 27. oktober<\/a><time datetime=\"2021-10-23T21:24:59+02:00\" class=\"wp-block-latest-posts__post-date\">oktober 23, 2021<\/time><div class=\"wp-block-latest-posts__post-excerpt\">Vi har f\u00e5et stillet 2 forslag til generalforsamlingen. Mere konkret har vi f\u00e5et 2 overskrifter. Da der ikke er yderligere beskrivelse vil disse 2 overskrifter blot blive diskuteret til generalforsamlingen. De to forslag er: Indk\u00f8b af hjertestarter Vejfest Vi gl\u00e6der os til at se jer d. 27. oktober til generalforsamling\u2026 <a class=\"wp-block-latest-posts__read-more\" href=\"https:\/\/www.espegaarden.dk\/index.php\/2021\/10\/23\/forslag-meldt-ind-til-generalforsamling-d-27-oktober\/\" rel=\"noopener noreferrer\">L\u00e6s mere<span class=\"screen-reader-text\">: Forslag meldt ind til generalforsamling d. 27. oktober<\/span><\/a><\/div><\/li>\n<li><a class=\"wp-block-latest-posts__post-title\" href=\"https:\/\/www.espegaarden.dk\/index.php\/2021\/10\/10\/generalforsamling-27-oktober-kl-19\/\">Generalforsamling 27. oktober 2021 kl. 19<\/a><time datetime=\"2021-10-10T10:37:44+02:00\" class=\"wp-block-latest-posts__post-date\">oktober 10, 2021<\/time><div class=\"wp-block-latest-posts__post-excerpt\">Bestyrelsen indkalder til generalforsamling d. 27. oktober kl. 19.00 &#8211; 21.00. Det finder sted p\u00e5 Telefonfabrikken, Telefonvej 8, sal Drop-in. Der bydes p\u00e5 en sandwich, \u00f8l og vand. Se relevante dokumenter her: https:\/\/www.espegaarden.dk\/index.php\/dokumenter\/?ee=1&amp;eeFolder=Generalforsamlinger%2FGeneralforsamling_27_oktober_2021&amp;eeListID=1 Der tr\u00e6kkes lod om 2 x 2 biografbilletter blandt deltagerne. Forslag der \u00f8nskes behandlet p\u00e5 generalforsamlingen skal\u2026 <a class=\"wp-block-latest-posts__read-more\" href=\"https:\/\/www.espegaarden.dk\/index.php\/2021\/10\/10\/generalforsamling-27-oktober-kl-19\/\" rel=\"noopener noreferrer\">L\u00e6s mere<span class=\"screen-reader-text\">: Generalforsamling 27. oktober 2021 kl. 19<\/span><\/a><\/div><\/li>\n<li><a class=\"wp-block-latest-posts__post-title\" href=\"https:\/\/www.espegaarden.dk\/index.php\/2021\/10\/04\/ny-hjemmeside\/\">Ny hjemmeside<\/a><time datetime=\"2021-10-04T19:14:30+02:00\" class=\"wp-block-latest-posts__post-date\">oktober 4, 2021<\/time><div class=\"wp-block-latest-posts__post-excerpt\">Bestyrelsen for grundejerforeningen har udviklet en ny hjemmeside kvit og frit. Det er nu nemmere at tilmelde sig nyhedsbreve, se dokumenter og kontakte bestyrelsen. Velkommen til!<\/div><\/li>\n<\/ul>","protected":false},"excerpt":{"rendered":"","protected":false},"author":1,"featured_media":0,"parent":0,"menu_order":0,"comment_status":"closed","ping_status":"closed","template":"","meta":{"footnotes":""},"class_list":["post-21","page","type-page","status-publish","hentry"],"_links":{"self":[{"href":"https:\/\/www.espegaarden.dk\/index.php\/wp-json\/wp\/v2\/pages\/21","targetHints":{"allow":["GET"]}}],"collection":[{"href":"https:\/\/www.espegaarden.dk\/index.php\/wp-json\/wp\/v2\/pages"}],"about":[{"href":"https:\/\/www.espegaarden.dk\/index.php\/wp-json\/wp\/v2\/types\/page"}],"author":[{"embeddable":true,"href":"https:\/\/www.espegaarden.dk\/index.php\/wp-json\/wp\/v2\/users\/1"}],"replies":[{"embeddable":true,"href":"https:\/\/www.espegaarden.dk\/index.php\/wp-json\/wp\/v2\/comments?post=21"}],"version-history":[{"count":3,"href":"https:\/\/www.espegaarden.dk\/index.php\/wp-json\/wp\/v2\/pages\/21\/revisions"}],"predecessor-version":[{"id":89,"href":"https:\/\/www.espegaarden.dk\/index.php\/wp-json\/wp\/v2\/pages\/21\/revisions\/89"}],"wp:attachment":[{"href":"https:\/\/www.espegaarden.dk\/index.php\/wp-json\/wp\/v2\/media?parent=21"}],"curies":[{"name":"wp","href":"https:\/\/api.w.org\/{rel}","templated":true}]}}