{"id":9,"date":"2021-09-22T10:02:43","date_gmt":"2021-09-22T10:02:43","guid":{"rendered":"https:\/\/www.espegaarden.dk\/?page_id=9"},"modified":"2026-03-11T12:58:22","modified_gmt":"2026-03-11T11:58:22","slug":"om-os","status":"publish","type":"page","link":"https:\/\/www.espegaarden.dk\/index.php\/om-os\/","title":{"rendered":"Om os"},"content":{"rendered":"\n<p>ESPEG\u00c5RDENS GRUNDEJERFORENING<br>Gr\u00e6vlingestien 31A<br>2880 Bagsv\u00e6rd<\/p>\n\n\n\n<p>CVR 21623474<\/p>\n\n\n\n<p><strong>Oversigt over medlemmerne af grundejerforeningen<\/strong><\/p>\n\n\n\n<figure class=\"wp-block-table is-style-stripes\"><table class=\"has-fixed-layout\"><tbody><tr><td class=\"has-text-align-left\" data-align=\"left\">Buddinge Hovedgade<\/td><td>235, 237, 241 og 247<\/td><\/tr><tr><td class=\"has-text-align-left\" data-align=\"left\">B\u00e6verstien<\/td><td>1-37 samt 4-34<\/td><\/tr><tr><td class=\"has-text-align-left\" data-align=\"left\">D\u00e5dyrvej<\/td><td>1-5 samt 4-8<\/td><\/tr><tr><td class=\"has-text-align-left\" data-align=\"left\">Espeg\u00e5rdsvej<\/td><td>1-53 samt 4-50<\/td><\/tr><tr><td class=\"has-text-align-left\" data-align=\"left\">Gladsaxe M\u00f8llevej<\/td><td>157<\/td><\/tr><tr><td class=\"has-text-align-left\" data-align=\"left\">Gr\u00e6vlingestien<\/td><td>1-51 samt 2-46<\/td><\/tr><tr><td class=\"has-text-align-left\" data-align=\"left\">Hermelinv\u00e6nget<\/td><td>1-45 samt 2-62<\/td><\/tr><tr><td class=\"has-text-align-left\" data-align=\"left\">J\u00e6gergangen<\/td><td>1-61 samt 2-62<\/td><\/tr><tr><td class=\"has-text-align-left\" data-align=\"left\">Klirev\u00e6nget<\/td><td>3-71 samt 4-50<\/td><\/tr><tr><td class=\"has-text-align-left\" data-align=\"left\">Kronhjortvej<\/td><td>1-3 samt 4<\/td><\/tr><tr><td class=\"has-text-align-left\" data-align=\"left\">M\u00e5rv\u00e6nget<\/td><td>4-16<\/td><\/tr><tr><td class=\"has-text-align-left\" data-align=\"left\">Rensdyrvej<\/td><td>4-30 samt 7-29<\/td><\/tr><tr><td class=\"has-text-align-left\" data-align=\"left\">Rylev\u00e6nget<\/td><td>23-47 samt 50-70<\/td><\/tr><tr><td class=\"has-text-align-left\" data-align=\"left\">R\u00e5v\u00e6nget<\/td><td>4-56 samt 7, 11, 15 og 19<\/td><\/tr><\/tbody><\/table><\/figure>\n\n\n\n<h3 class=\"wp-block-heading\">Formand<\/h3>\n\n\n\n<ul class=\"wp-block-list\">\n<li>Jakob Koed<\/li>\n<\/ul>\n\n\n\n<h3 class=\"wp-block-heading\">Kasserer<\/h3>\n\n\n\n<ul class=\"wp-block-list\">\n<li>Iris Hedegaard Jensen<\/li>\n<\/ul>\n\n\n\n<h3 class=\"wp-block-heading\">Bestyrelsesmedlemmer<\/h3>\n\n\n\n<ul class=\"wp-block-list\">\n<li>Ann-Charlott\u00a0Boynton, Marco Paoli og Kamran Iqbal<\/li>\n<\/ul>\n\n\n\n<h3 class=\"wp-block-heading\">Revisorer<\/h3>\n\n\n\n<ul class=\"wp-block-list\">\n<li>Kirsten V. Nielsen og Daniel Bang<\/li>\n<\/ul>\n\n\n\n<p>Bestyrelsen kan kontaktes via kontaktformular under menuen &#8216;Kontakt bestyrelsen&#8217;. <\/p>\n\n\n\n<p><\/p>\n","protected":false},"excerpt":{"rendered":"<p>ESPEG\u00c5RDENS GRUNDEJERFORENINGGr\u00e6vlingestien 31A2880 Bagsv\u00e6rd CVR 21623474 Oversigt over medlemmerne af grundejerforeningen Buddinge Hovedgade 235, 237, 241 og 247 B\u00e6verstien 1-37 samt 4-34 D\u00e5dyrvej 1-5 samt 4-8 Espeg\u00e5rdsvej 1-53 samt 4-50 Gladsaxe M\u00f8llevej 157 Gr\u00e6vlingestien 1-51 samt 2-46 Hermelinv\u00e6nget 1-45 samt 2-62 J\u00e6gergangen 1-61 samt 2-62 Klirev\u00e6nget 3-71 samt 4-50 Kronhjortvej [&hellip;]<\/p>\n","protected":false},"author":1,"featured_media":0,"parent":0,"menu_order":0,"comment_status":"closed","ping_status":"closed","template":"","meta":{"footnotes":""},"class_list":["post-9","page","type-page","status-publish","hentry"],"_links":{"self":[{"href":"https:\/\/www.espegaarden.dk\/index.php\/wp-json\/wp\/v2\/pages\/9","targetHints":{"allow":["GET"]}}],"collection":[{"href":"https:\/\/www.espegaarden.dk\/index.php\/wp-json\/wp\/v2\/pages"}],"about":[{"href":"https:\/\/www.espegaarden.dk\/index.php\/wp-json\/wp\/v2\/types\/page"}],"author":[{"embeddable":true,"href":"https:\/\/www.espegaarden.dk\/index.php\/wp-json\/wp\/v2\/users\/1"}],"replies":[{"embeddable":true,"href":"https:\/\/www.espegaarden.dk\/index.php\/wp-json\/wp\/v2\/comments?post=9"}],"version-history":[{"count":16,"href":"https:\/\/www.espegaarden.dk\/index.php\/wp-json\/wp\/v2\/pages\/9\/revisions"}],"predecessor-version":[{"id":284,"href":"https:\/\/www.espegaarden.dk\/index.php\/wp-json\/wp\/v2\/pages\/9\/revisions\/284"}],"wp:attachment":[{"href":"https:\/\/www.espegaarden.dk\/index.php\/wp-json\/wp\/v2\/media?parent=9"}],"curies":[{"name":"wp","href":"https:\/\/api.w.org\/{rel}","templated":true}]}}